{"id":3,"date":"2021-09-30T13:13:56","date_gmt":"2021-09-30T13:13:56","guid":{"rendered":"https:\/\/www.open-user-map.com\/?page_id=3"},"modified":"2025-08-02T23:27:04","modified_gmt":"2025-08-02T21:27:04","slug":"privacy-policy","status":"publish","type":"page","link":"https:\/\/www.open-user-map.com\/es\/privacy-policy\/","title":{"rendered":"Pol\u00edtica de privacidad"},"content":{"rendered":"<h2 class=\"wp-block-heading\">Qui\u00e9nes somos<\/h2>\n\n\n\n<p>La direcci\u00f3n de nuestro sitio web es: https:\/\/www.open-user-map.com.<\/p>\n\n\n\n<p>Si desea ejercer sus derechos de protecci\u00f3n de datos o tiene alguna pregunta sobre sus datos personales, puede ponerse en contacto con nosotros en hello@open-user-map.com.<\/p>\n\n\n\n<h2 class=\"wp-block-heading\">Comentarios<\/h2>\n\n\n\n<p>Cuando los visitantes dejan comentarios en el sitio, recogemos los datos que aparecen en el formulario de comentarios, as\u00ed como la direcci\u00f3n IP del visitante y la cadena de agentes de usuario del navegador para ayudar a la detecci\u00f3n de spam.<\/p>\n\n\n\n<h2 class=\"wp-block-heading\">Medios de comunicaci\u00f3n<\/h2>\n\n\n\n<p>Si subes im\u00e1genes al sitio web, debes evitar subirlas con datos de localizaci\u00f3n incrustados (EXIF GPS). Los visitantes del sitio web pueden descargar y extraer cualquier dato de localizaci\u00f3n de las im\u00e1genes del sitio web.<\/p>\n\n\n\n<h2 class=\"wp-block-heading\">Contenido incrustado de otros sitios web<\/h2>\n\n\n\n<p>Los art\u00edculos de este sitio pueden incluir contenido incrustado (por ejemplo, v\u00eddeos, im\u00e1genes, art\u00edculos, etc.). El contenido incrustado de otros sitios web se comporta exactamente igual que si el visitante hubiera visitado el otro sitio web.<\/p>\n\n\n\n<p>Estos sitios web pueden recopilar datos sobre usted, utilizar cookies, incrustar un seguimiento adicional de terceros y supervisar su interacci\u00f3n con ese contenido incrustado, incluido el seguimiento de su interacci\u00f3n con el contenido incrustado si tiene una cuenta y ha iniciado sesi\u00f3n en ese sitio web.<\/p>\n\n\n\n<h2 class=\"wp-block-heading\">Uso de los servicios de mapas<\/h2>\n\n\n\n<p>Este sitio web utiliza mosaicos de mapas proporcionados por servicios de terceros. Dependiendo del estilo de mapa seleccionado o de la fuente de datos, los mapas pueden cargarse desde los siguientes proveedores:<\/p>\n\n\n\n<ul class=\"wp-block-list\">\n<li><a class=\"\" href=\"https:\/\/www.openstreetmap.org\">OpenStreetMap<\/a> (gestionado por la Fundaci\u00f3n OpenStreetMap - en ingl\u00e9s) <a href=\"https:\/\/www.openstreetmap.de\/impressum\/datenschutz\/\">Pol\u00edtica de privacidad<\/a>)<\/li>\n\n\n\n<li><a class=\"\" href=\"https:\/\/www.esri.com\">Esri<\/a> (Instituto de Investigaci\u00f3n de Sistemas Medioambientales - <a href=\"https:\/\/www.esri.com\/en-us\/privacy\/overview\">Pol\u00edtica de privacidad<\/a>)<\/li>\n\n\n\n<li><a class=\"\" href=\"https:\/\/carto.com\">CartoDB (CARTO)<\/a> - <a href=\"https:\/\/carto.com\/privacy\">Pol\u00edtica de privacidad<\/a><\/li>\n\n\n\n<li><a class=\"\" href=\"https:\/\/www.mapbox.com\">Mapbox<\/a> - <a href=\"https:\/\/www.mapbox.com\/legal\/privacy\">Pol\u00edtica de privacidad<\/a><\/li>\n<\/ul>\n\n\n\n<p>Cuando acceda a una p\u00e1gina con un mapa incrustado, su <strong>Direcci\u00f3n IP y posiblemente otros datos t\u00e9cnicos<\/strong> se transmiten al proveedor correspondiente. Estos terceros tambi\u00e9n pueden utilizar cookies o tecnolog\u00edas de seguimiento similares.<\/p>\n\n\n\n<p>Puede encontrar m\u00e1s detalles sobre el uso de datos de cada proveedor en sus respectivas pol\u00edticas de privacidad enlazadas m\u00e1s arriba.<\/p>\n\n\n\n<p><strong><br>Funci\u00f3n de votaci\u00f3n (cookie de sesi\u00f3n)<\/strong><br>Para la funci\u00f3n de votaci\u00f3n (bot\u00f3n \"Me gusta\" o \"Upvote\") en Open User Map, utilizamos una cookie de sesi\u00f3n para evitar m\u00faltiples votos para la misma ubicaci\u00f3n durante la sesi\u00f3n actual del navegador. Esta cookie almacena \u00fanicamente el ID de la ubicaci\u00f3n votada y una confirmaci\u00f3n del voto, sin ning\u00fan dato personal. Es t\u00e9cnicamente necesaria para proporcionar la funcionalidad solicitada y se elimina cuando usted cierra su navegador. La base jur\u00eddica para ello es el art. 6(1)(f) GDPR en conjunci\u00f3n con \u00a725(2) No. 2 TTDSG.<\/p>\n\n\n\n<h2 class=\"wp-block-heading\">Con qui\u00e9n compartimos sus datos<\/h2>\n\n\n\n<p>Si solicita un restablecimiento de la contrase\u00f1a, su direcci\u00f3n IP se incluir\u00e1 en el correo electr\u00f3nico de restablecimiento.<\/p>\n\n\n\n<h2 class=\"wp-block-heading\">Cu\u00e1nto tiempo conservamos sus datos<\/h2>\n\n\n\n<p>Si deja un comentario, el comentario y sus metadatos se conservan indefinidamente. Esto es para que podamos reconocer y aprobar cualquier comentario de seguimiento autom\u00e1ticamente en lugar de mantenerlos en una cola de moderaci\u00f3n.<\/p>\n\n\n\n<p>En el caso de los usuarios que se registran en nuestro sitio web (si los hay), tambi\u00e9n almacenamos la informaci\u00f3n personal que proporcionan en su perfil de usuario. Todos los usuarios pueden ver, editar o eliminar su informaci\u00f3n personal en cualquier momento (excepto que no pueden cambiar su nombre de usuario). Los administradores del sitio web tambi\u00e9n pueden ver y editar esa informaci\u00f3n.<\/p>\n\n\n\n<h2 class=\"wp-block-heading\">Qu\u00e9 derechos tiene usted sobre sus datos<\/h2>\n\n\n\n<p>Si tiene una cuenta en este sitio, o ha dejado comentarios, puede solicitar que le enviemos un archivo exportado de los datos personales que tenemos sobre usted, incluidos los que nos haya proporcionado. Tambi\u00e9n puede solicitar que borremos cualquier dato personal que tengamos sobre usted. Esto no incluye los datos que estamos obligados a conservar por motivos administrativos, legales o de seguridad.<\/p>\n\n\n\n<h2 class=\"wp-block-heading\">D\u00f3nde enviamos sus datos<\/h2>\n\n\n\n<p>Los comentarios de los visitantes pueden ser revisados a trav\u00e9s de un servicio autom\u00e1tico de detecci\u00f3n de spam.<\/p>\n\n\n\n<p><\/p>","protected":false},"excerpt":{"rendered":"<p>Qui\u00e9nes somos La direcci\u00f3n de nuestro sitio web es: https:\/\/www.open-user-map.com. Si desea ejercer sus derechos de protecci\u00f3n de datos o tiene alguna pregunta sobre sus datos personales, puede ponerse en contacto con nosotros en hello@open-user-map.com. Comentarios Cuando los visitantes dejan comentarios en el sitio recogemos los datos que aparecen en el formulario de comentarios, as\u00ed como la direcci\u00f3n IP del visitante y ... <a href=\"https:\/\/www.open-user-map.com\/es\/privacy-policy\/\">Contin\u00faa en<\/a><\/p>","protected":false},"author":50,"featured_media":0,"parent":0,"menu_order":0,"comment_status":"closed","ping_status":"open","template":"","meta":{"footnotes":""},"class_list":["post-3","page","type-page","status-publish","hentry"],"yoast_head":"<!-- This site is optimized with the Yoast SEO plugin v26.8 - https:\/\/yoast.com\/product\/yoast-seo-wordpress\/ -->\n<title>Privacy Policy - Open User Map WordPress Plugin<\/title>\n<meta name=\"robots\" content=\"index, follow, max-snippet:-1, max-image-preview:large, max-video-preview:-1\" \/>\n<link rel=\"canonical\" href=\"https:\/\/www.open-user-map.com\/es\/privacy-policy\/\" \/>\n<meta property=\"og:locale\" content=\"es_ES\" \/>\n<meta property=\"og:type\" content=\"article\" \/>\n<meta property=\"og:title\" content=\"Privacy Policy - Open User Map WordPress Plugin\" \/>\n<meta property=\"og:description\" content=\"Who we are Our website address is: https:\/\/www.open-user-map.com. If you wish to exercise your data protection rights or have any questions about your personal data, you can contact us at hello@open-user-map.com. Comments When visitors leave comments on the site we collect the data shown in the comments form, and also the visitor\u2019s IP address and &hellip; Continued\" \/>\n<meta property=\"og:url\" content=\"https:\/\/www.open-user-map.com\/es\/privacy-policy\/\" \/>\n<meta property=\"og:site_name\" content=\"Open User Map WordPress Plugin\" \/>\n<meta property=\"article:modified_time\" content=\"2025-08-02T21:27:04+00:00\" \/>\n<meta name=\"twitter:card\" content=\"summary_large_image\" \/>\n<meta name=\"twitter:label1\" content=\"Tiempo de lectura\" \/>\n\t<meta name=\"twitter:data1\" content=\"3 minutos\" \/>\n<script type=\"application\/ld+json\" class=\"yoast-schema-graph\">{\"@context\":\"https:\/\/schema.org\",\"@graph\":[{\"@type\":\"WebPage\",\"@id\":\"https:\/\/www.open-user-map.com\/privacy-policy\/\",\"url\":\"https:\/\/www.open-user-map.com\/privacy-policy\/\",\"name\":\"Privacy Policy - Open User Map WordPress Plugin\",\"isPartOf\":{\"@id\":\"https:\/\/www.open-user-map.com\/#website\"},\"datePublished\":\"2021-09-30T13:13:56+00:00\",\"dateModified\":\"2025-08-02T21:27:04+00:00\",\"breadcrumb\":{\"@id\":\"https:\/\/www.open-user-map.com\/privacy-policy\/#breadcrumb\"},\"inLanguage\":\"es\",\"potentialAction\":[{\"@type\":\"ReadAction\",\"target\":[\"https:\/\/www.open-user-map.com\/privacy-policy\/\"]}]},{\"@type\":\"BreadcrumbList\",\"@id\":\"https:\/\/www.open-user-map.com\/privacy-policy\/#breadcrumb\",\"itemListElement\":[{\"@type\":\"ListItem\",\"position\":1,\"name\":\"Home\",\"item\":\"https:\/\/www.open-user-map.com\/\"},{\"@type\":\"ListItem\",\"position\":2,\"name\":\"Privacy Policy\"}]},{\"@type\":\"WebSite\",\"@id\":\"https:\/\/www.open-user-map.com\/#website\",\"url\":\"https:\/\/www.open-user-map.com\/\",\"name\":\"Open User Map\",\"description\":\"WordPress Map Plugin\",\"publisher\":{\"@id\":\"https:\/\/www.open-user-map.com\/#organization\"},\"potentialAction\":[{\"@type\":\"SearchAction\",\"target\":{\"@type\":\"EntryPoint\",\"urlTemplate\":\"https:\/\/www.open-user-map.com\/?s={search_term_string}\"},\"query-input\":{\"@type\":\"PropertyValueSpecification\",\"valueRequired\":true,\"valueName\":\"search_term_string\"}}],\"inLanguage\":\"es\"},{\"@type\":\"Organization\",\"@id\":\"https:\/\/www.open-user-map.com\/#organization\",\"name\":\"Open User Map\",\"url\":\"https:\/\/www.open-user-map.com\/\",\"logo\":{\"@type\":\"ImageObject\",\"inLanguage\":\"es\",\"@id\":\"https:\/\/www.open-user-map.com\/#\/schema\/logo\/image\/\",\"url\":\"https:\/\/www.open-user-map.com\/wp-content\/uploads\/2023\/09\/icon-256x256-1.png\",\"contentUrl\":\"https:\/\/www.open-user-map.com\/wp-content\/uploads\/2023\/09\/icon-256x256-1.png\",\"width\":256,\"height\":256,\"caption\":\"Open User Map\"},\"image\":{\"@id\":\"https:\/\/www.open-user-map.com\/#\/schema\/logo\/image\/\"}}]}<\/script>\n<!-- \/ Yoast SEO plugin. -->","yoast_head_json":{"title":"Pol\u00edtica de privacidad - Open User Map WordPress Plugin","robots":{"index":"index","follow":"follow","max-snippet":"max-snippet:-1","max-image-preview":"max-image-preview:large","max-video-preview":"max-video-preview:-1"},"canonical":"https:\/\/www.open-user-map.com\/es\/privacy-policy\/","og_locale":"es_ES","og_type":"article","og_title":"Privacy Policy - Open User Map WordPress Plugin","og_description":"Who we are Our website address is: https:\/\/www.open-user-map.com. If you wish to exercise your data protection rights or have any questions about your personal data, you can contact us at hello@open-user-map.com. Comments When visitors leave comments on the site we collect the data shown in the comments form, and also the visitor\u2019s IP address and &hellip; Continued","og_url":"https:\/\/www.open-user-map.com\/es\/privacy-policy\/","og_site_name":"Open User Map WordPress Plugin","article_modified_time":"2025-08-02T21:27:04+00:00","twitter_card":"summary_large_image","twitter_misc":{"Tiempo de lectura":"3 minutos"},"schema":{"@context":"https:\/\/schema.org","@graph":[{"@type":"WebPage","@id":"https:\/\/www.open-user-map.com\/privacy-policy\/","url":"https:\/\/www.open-user-map.com\/privacy-policy\/","name":"Pol\u00edtica de privacidad - Open User Map WordPress Plugin","isPartOf":{"@id":"https:\/\/www.open-user-map.com\/#website"},"datePublished":"2021-09-30T13:13:56+00:00","dateModified":"2025-08-02T21:27:04+00:00","breadcrumb":{"@id":"https:\/\/www.open-user-map.com\/privacy-policy\/#breadcrumb"},"inLanguage":"es","potentialAction":[{"@type":"ReadAction","target":["https:\/\/www.open-user-map.com\/privacy-policy\/"]}]},{"@type":"BreadcrumbList","@id":"https:\/\/www.open-user-map.com\/privacy-policy\/#breadcrumb","itemListElement":[{"@type":"ListItem","position":1,"name":"Home","item":"https:\/\/www.open-user-map.com\/"},{"@type":"ListItem","position":2,"name":"Privacy Policy"}]},{"@type":"WebSite","@id":"https:\/\/www.open-user-map.com\/#website","url":"https:\/\/www.open-user-map.com\/","name":"Open User Map","description":"Plugin de mapas de WordPress","publisher":{"@id":"https:\/\/www.open-user-map.com\/#organization"},"potentialAction":[{"@type":"SearchAction","target":{"@type":"EntryPoint","urlTemplate":"https:\/\/www.open-user-map.com\/?s={search_term_string}"},"query-input":{"@type":"PropertyValueSpecification","valueRequired":true,"valueName":"search_term_string"}}],"inLanguage":"es"},{"@type":"Organization","@id":"https:\/\/www.open-user-map.com\/#organization","name":"Open User Map","url":"https:\/\/www.open-user-map.com\/","logo":{"@type":"ImageObject","inLanguage":"es","@id":"https:\/\/www.open-user-map.com\/#\/schema\/logo\/image\/","url":"https:\/\/www.open-user-map.com\/wp-content\/uploads\/2023\/09\/icon-256x256-1.png","contentUrl":"https:\/\/www.open-user-map.com\/wp-content\/uploads\/2023\/09\/icon-256x256-1.png","width":256,"height":256,"caption":"Open User Map"},"image":{"@id":"https:\/\/www.open-user-map.com\/#\/schema\/logo\/image\/"}}]}},"_links":{"self":[{"href":"https:\/\/www.open-user-map.com\/es\/wp-json\/wp\/v2\/pages\/3","targetHints":{"allow":["GET"]}}],"collection":[{"href":"https:\/\/www.open-user-map.com\/es\/wp-json\/wp\/v2\/pages"}],"about":[{"href":"https:\/\/www.open-user-map.com\/es\/wp-json\/wp\/v2\/types\/page"}],"author":[{"embeddable":true,"href":"https:\/\/www.open-user-map.com\/es\/wp-json\/wp\/v2\/users\/50"}],"replies":[{"embeddable":true,"href":"https:\/\/www.open-user-map.com\/es\/wp-json\/wp\/v2\/comments?post=3"}],"version-history":[{"count":4,"href":"https:\/\/www.open-user-map.com\/es\/wp-json\/wp\/v2\/pages\/3\/revisions"}],"predecessor-version":[{"id":6298,"href":"https:\/\/www.open-user-map.com\/es\/wp-json\/wp\/v2\/pages\/3\/revisions\/6298"}],"wp:attachment":[{"href":"https:\/\/www.open-user-map.com\/es\/wp-json\/wp\/v2\/media?parent=3"}],"curies":[{"name":"wp","href":"https:\/\/api.w.org\/{rel}","templated":true}]}}