{"id":5047,"date":"2023-08-15T16:30:15","date_gmt":"2023-08-15T14:30:15","guid":{"rendered":"https:\/\/www.open-user-map.com\/?page_id=5047"},"modified":"2025-02-17T21:59:24","modified_gmt":"2025-02-17T20:59:24","slug":"demo-image-gallery","status":"publish","type":"page","link":"https:\/\/www.open-user-map.com\/de\/demo-image-gallery\/","title":{"rendered":"Demo: Bildergalerie"},"content":{"rendered":"<div class=\"open-user-map-image-gallery\">\n      <div class=\"oum-gallery-item\">\n      <a href=\"\/de\/demo-full-width\/?markerid=4965\">\n                <img decoding=\"async\" src=\"https:\/\/www.open-user-map.com\/wp-content\/uploads\/2023\/08\/iStock-474966771-1024x680.jpg\">\n      <\/a>\n    <\/div>\n      <div class=\"oum-gallery-item\">\n      <a href=\"\/de\/demo-full-width\/?markerid=4965\">\n                <img decoding=\"async\" src=\"https:\/\/www.open-user-map.com\/wp-content\/uploads\/2023\/08\/iStock-2163001346-1024x576-1.jpg\">\n      <\/a>\n    <\/div>\n      <div class=\"oum-gallery-item\">\n      <a href=\"\/de\/demo-full-width\/?markerid=4965\">\n                <img decoding=\"async\" src=\"https:\/\/www.open-user-map.com\/wp-content\/uploads\/2023\/08\/iStock-2153221536-1024x576-1.jpg\">\n      <\/a>\n    <\/div>\n      <div class=\"oum-gallery-item\">\n      <a href=\"\/de\/demo-full-width\/?markerid=4969\">\n                <img decoding=\"async\" src=\"https:\/\/www.open-user-map.com\/wp-content\/uploads\/2023\/08\/iStock-475903022-1024x683.jpg\">\n      <\/a>\n    <\/div>\n      <div class=\"oum-gallery-item\">\n      <a href=\"\/de\/demo-full-width\/?markerid=4969\">\n                <img decoding=\"async\" src=\"https:\/\/www.open-user-map.com\/wp-content\/uploads\/2023\/08\/iStock-1929803638-1024x576-1.jpg\">\n      <\/a>\n    <\/div>\n      <div class=\"oum-gallery-item\">\n      <a href=\"\/de\/demo-full-width\/?markerid=4969\">\n                <img decoding=\"async\" src=\"https:\/\/www.open-user-map.com\/wp-content\/uploads\/2023\/08\/iStock-1919116359-1024x683-1.jpg\">\n      <\/a>\n    <\/div>\n      <div class=\"oum-gallery-item\">\n      <a href=\"\/de\/demo-full-width\/?markerid=4968\">\n                <img decoding=\"async\" src=\"https:\/\/www.open-user-map.com\/wp-content\/uploads\/2023\/08\/iStock-1484921079-1024x683.jpg\">\n      <\/a>\n    <\/div>\n      <div class=\"oum-gallery-item\">\n      <a href=\"\/de\/demo-full-width\/?markerid=4968\">\n                <img decoding=\"async\" src=\"https:\/\/www.open-user-map.com\/wp-content\/uploads\/2023\/08\/iStock-482594884-1024x678.jpg\">\n      <\/a>\n    <\/div>\n      <div class=\"oum-gallery-item\">\n      <a href=\"\/de\/demo-full-width\/?markerid=4968\">\n                <img decoding=\"async\" src=\"https:\/\/www.open-user-map.com\/wp-content\/uploads\/2023\/08\/iStock-1467255291-1024x683-1-300x200.jpg\">\n      <\/a>\n    <\/div>\n      <div class=\"oum-gallery-item\">\n      <a href=\"\/de\/demo-full-width\/?markerid=4967\">\n                <img decoding=\"async\" src=\"https:\/\/www.open-user-map.com\/wp-content\/uploads\/2023\/08\/iStock-635830884-1024x682.jpg\">\n      <\/a>\n    <\/div>\n      <div class=\"oum-gallery-item\">\n      <a href=\"\/de\/demo-full-width\/?markerid=4967\">\n                <img decoding=\"async\" src=\"https:\/\/www.open-user-map.com\/wp-content\/uploads\/2023\/08\/iStock-1799323584-1024x671.jpg\">\n      <\/a>\n    <\/div>\n      <div class=\"oum-gallery-item\">\n      <a href=\"\/de\/demo-full-width\/?markerid=4967\">\n                <img decoding=\"async\" src=\"https:\/\/www.open-user-map.com\/wp-content\/uploads\/2023\/08\/iStock-1490030851-1024x542-1.jpg\">\n      <\/a>\n    <\/div>\n  \n      <nav class=\"pagination oum-gallery-pagination\">\n      <span aria-current=\"page\" class=\"page-numbers current\">1<\/span>\n<a class=\"page-numbers\" href=\"https:\/\/www.open-user-map.com\/de\/wp-json\/wp\/v2\/pages\/5047\/page\/2\/\">2<\/a>\n<a class=\"page-numbers\" href=\"https:\/\/www.open-user-map.com\/de\/wp-json\/wp\/v2\/pages\/5047\/page\/3\/\">3<\/a>\n<span class=\"page-numbers dots\">...<\/span>\n<a class=\"page-numbers\" href=\"https:\/\/www.open-user-map.com\/de\/wp-json\/wp\/v2\/pages\/5047\/page\/5\/\">5<\/a>\n<a class=\"next page-numbers\" href=\"https:\/\/www.open-user-map.com\/de\/wp-json\/wp\/v2\/pages\/5047\/page\/2\/\">Weiter \"<\/a>    <\/nav>\n  <\/div>\n\n\n\n<div style=\"height:62px\" aria-hidden=\"true\" class=\"wp-block-spacer\"><\/div>\n\n\n\n<p>Es ist m\u00f6glich, einen Shortcode zu verwenden <strong>open-user-map-gallery<\/strong> um alle Bilder anzuzeigen, die hochgeladen wurden und mit den ver\u00f6ffentlichten Orten verkn\u00fcpft sind. Jedes Bild ist mit dem Marker auf der Karte verkn\u00fcpft. Verwenden Sie den Parameter \"url\", um auf die Seite umzuleiten, auf der sich Ihre Karte befindet.<\/p>\n\n\n\n<div style=\"height:36px\" aria-hidden=\"true\" class=\"wp-block-spacer\"><\/div>\n\n\n\n<h3 class=\"wp-block-heading\">Wie zu verwenden<\/h3>\n\n\n\n<div class=\"wp-block-kevinbatdorf-code-block-pro cbp-has-line-numbers\" data-code-block-pro-font-family=\"Code-Pro-JetBrains-Mono\" style=\"font-size:.875rem;font-family:Code-Pro-JetBrains-Mono,ui-monospace,SFMono-Regular,Menlo,Monaco,Consolas,monospace;--cbp-line-number-color:#f6f6f4;--cbp-line-number-width:calc(1 * 0.6 * .875rem);line-height:1.25rem;--cbp-tab-width:2;tab-size:var(--cbp-tab-width, 2)\" data-no-translation=\"\" data-no-auto-translation=\"\"><span style=\"display:flex;align-items:center;padding:10px 0px 10px 16px;margin-bottom:-2px;width:100%;text-align:left;background-color:#333545;color:#ebebe6\">Shortcode<\/span><span role=\"button\" tabindex=\"0\" data-code=\"&lt;div class=&quot;open-user-map-image-gallery&quot;&gt;      &lt;div class=&quot;oum-gallery-item&quot;&gt;      &lt;a href=&quot;&quot;\/demo-full-width\/&quot;?markerid=4965&quot;&gt;                &lt;img src=&quot;https:\/\/www.open-user-map.com\/wp-content\/uploads\/2023\/08\/iStock-474966771-1024x680.jpg&quot;&gt;      &lt;\/a&gt;    &lt;\/div&gt;      &lt;div class=&quot;oum-gallery-item&quot;&gt;      &lt;a href=&quot;&quot;\/demo-full-width\/&quot;?markerid=4965&quot;&gt;                &lt;img src=&quot;https:\/\/www.open-user-map.com\/wp-content\/uploads\/2023\/08\/iStock-2163001346-1024x576-1.jpg&quot;&gt;      &lt;\/a&gt;    &lt;\/div&gt;      &lt;div class=&quot;oum-gallery-item&quot;&gt;      &lt;a href=&quot;&quot;\/demo-full-width\/&quot;?markerid=4965&quot;&gt;                &lt;img src=&quot;https:\/\/www.open-user-map.com\/wp-content\/uploads\/2023\/08\/iStock-2153221536-1024x576-1.jpg&quot;&gt;      &lt;\/a&gt;    &lt;\/div&gt;      &lt;div class=&quot;oum-gallery-item&quot;&gt;      &lt;a href=&quot;&quot;\/demo-full-width\/&quot;?markerid=4969&quot;&gt;                &lt;img src=&quot;https:\/\/www.open-user-map.com\/wp-content\/uploads\/2023\/08\/iStock-475903022-1024x683.jpg&quot;&gt;      &lt;\/a&gt;    &lt;\/div&gt;      &lt;div class=&quot;oum-gallery-item&quot;&gt;      &lt;a href=&quot;&quot;\/demo-full-width\/&quot;?markerid=4969&quot;&gt;                &lt;img src=&quot;https:\/\/www.open-user-map.com\/wp-content\/uploads\/2023\/08\/iStock-1929803638-1024x576-1.jpg&quot;&gt;      &lt;\/a&gt;    &lt;\/div&gt;      &lt;div class=&quot;oum-gallery-item&quot;&gt;      &lt;a href=&quot;&quot;\/demo-full-width\/&quot;?markerid=4969&quot;&gt;                &lt;img src=&quot;https:\/\/www.open-user-map.com\/wp-content\/uploads\/2023\/08\/iStock-1919116359-1024x683-1.jpg&quot;&gt;      &lt;\/a&gt;    &lt;\/div&gt;      &lt;div class=&quot;oum-gallery-item&quot;&gt;      &lt;a href=&quot;&quot;\/demo-full-width\/&quot;?markerid=4968&quot;&gt;                &lt;img src=&quot;https:\/\/www.open-user-map.com\/wp-content\/uploads\/2023\/08\/iStock-1484921079-1024x683.jpg&quot;&gt;      &lt;\/a&gt;    &lt;\/div&gt;      &lt;div class=&quot;oum-gallery-item&quot;&gt;      &lt;a href=&quot;&quot;\/demo-full-width\/&quot;?markerid=4968&quot;&gt;                &lt;img src=&quot;https:\/\/www.open-user-map.com\/wp-content\/uploads\/2023\/08\/iStock-482594884-1024x678.jpg&quot;&gt;      &lt;\/a&gt;    &lt;\/div&gt;      &lt;div class=&quot;oum-gallery-item&quot;&gt;      &lt;a href=&quot;&quot;\/demo-full-width\/&quot;?markerid=4968&quot;&gt;                &lt;img src=&quot;https:\/\/www.open-user-map.com\/wp-content\/uploads\/2023\/08\/iStock-1467255291-1024x683-1-300x200.jpg&quot;&gt;      &lt;\/a&gt;    &lt;\/div&gt;      &lt;div class=&quot;oum-gallery-item&quot;&gt;      &lt;a href=&quot;&quot;\/demo-full-width\/&quot;?markerid=4967&quot;&gt;                &lt;img src=&quot;https:\/\/www.open-user-map.com\/wp-content\/uploads\/2023\/08\/iStock-635830884-1024x682.jpg&quot;&gt;      &lt;\/a&gt;    &lt;\/div&gt;      &lt;div class=&quot;oum-gallery-item&quot;&gt;      &lt;a href=&quot;&quot;\/demo-full-width\/&quot;?markerid=4967&quot;&gt;                &lt;img src=&quot;https:\/\/www.open-user-map.com\/wp-content\/uploads\/2023\/08\/iStock-1799323584-1024x671.jpg&quot;&gt;      &lt;\/a&gt;    &lt;\/div&gt;      &lt;div class=&quot;oum-gallery-item&quot;&gt;      &lt;a href=&quot;&quot;\/demo-full-width\/&quot;?markerid=4967&quot;&gt;                &lt;img src=&quot;https:\/\/www.open-user-map.com\/wp-content\/uploads\/2023\/08\/iStock-1490030851-1024x542-1.jpg&quot;&gt;      &lt;\/a&gt;    &lt;\/div&gt;        &lt;nav class=&quot;pagination oum-gallery-pagination&quot;&gt;      &lt;span aria-current=&quot;page&quot; class=&quot;page-numbers current&quot;&gt;1&lt;\/span&gt;&lt;a class=&quot;page-numbers&quot; href=&quot;https:\/\/www.open-user-map.com\/de\/wp-json\/wp\/v2\/pages\/5047\/page\/2\/&quot;&gt;2&lt;\/a&gt;&lt;a class=&quot;page-numbers&quot; href=&quot;https:\/\/www.open-user-map.com\/de\/wp-json\/wp\/v2\/pages\/5047\/page\/3\/&quot;&gt;3&lt;\/a&gt;&lt;span class=&quot;page-numbers dots&quot;&gt;&hellip;&lt;\/span&gt;&lt;a class=&quot;page-numbers&quot; href=&quot;https:\/\/www.open-user-map.com\/de\/wp-json\/wp\/v2\/pages\/5047\/page\/5\/&quot;&gt;5&lt;\/a&gt;&lt;a class=&quot;next page-numbers&quot; href=&quot;https:\/\/www.open-user-map.com\/de\/wp-json\/wp\/v2\/pages\/5047\/page\/2\/&quot;&gt;Weiter &raquo;&lt;\/a&gt;    &lt;\/nav&gt;  &lt;\/div&gt;\" style=\"color:#f6f6f4;display:none\" aria-label=\"Copy\" class=\"code-block-pro-copy-button\"><svg xmlns=\"http:\/\/www.w3.org\/2000\/svg\" style=\"width:24px;height:24px\" fill=\"none\" viewbox=\"0 0 24 24\" stroke=\"currentColor\" stroke-width=\"2\"><path class=\"with-check\" stroke-linecap=\"round\" stroke-linejoin=\"round\" d=\"M9 5H7a2 2 0 00-2 2v12a2 2 0 002 2h10a2 2 0 002-2V7a2 2 0 00-2-2h-2M9 5a2 2 0 002 2h2a2 2 0 002-2M9 5a2 2 0 012-2h2a2 2 0 012 2m-6 9l2 2 4-4\"><\/path><path class=\"without-check\" stroke-linecap=\"round\" stroke-linejoin=\"round\" d=\"M9 5H7a2 2 0 00-2 2v12a2 2 0 002 2h10a2 2 0 002-2V7a2 2 0 00-2-2h-2M9 5a2 2 0 002 2h2a2 2 0 002-2M9 5a2 2 0 012-2h2a2 2 0 012 2\"><\/path><\/svg><\/span><pre class=\"shiki dracula-soft\" style=\"background-color: #282A36\" tabindex=\"0\"><code data-no-translation=\"\" data-no-auto-translation=\"\"><span class=\"line\"><span style=\"color: #F6F6F4\">&#091;<\/span><span style=\"color: #BF9EEE\">open<\/span><span style=\"color: #F286C4\">-<\/span><span style=\"color: #BF9EEE\">user<\/span><span style=\"color: #F286C4\">-<\/span><span style=\"color: #BF9EEE\">map<\/span><span style=\"color: #F286C4\">-<\/span><span style=\"color: #BF9EEE\">gallery<\/span><span style=\"color: #F6F6F4\"> <\/span><span style=\"color: #BF9EEE\">url<\/span><span style=\"color: #F286C4\">=<\/span><span style=\"color: #EE6666\">&quot;\/<\/span><span style=\"color: #E7EE98\">demo-full-width<\/span><span style=\"color: #EE6666\">\/&quot;<\/span><span style=\"color: #F6F6F4\">&#093;<\/span><\/span><\/code><\/pre><\/div>\n\n\n\n<div style=\"height:64px\" aria-hidden=\"true\" class=\"wp-block-spacer\"><\/div>","protected":false},"excerpt":{"rendered":"<p>Es ist m\u00f6glich, einen Shortcode open-user-map-gallery zu verwenden, um alle Bilder anzuzeigen, die hochgeladen wurden und mit ver\u00f6ffentlichten Orten verkn\u00fcpft sind. Jedes Bild ist mit dem Marker auf der Karte verkn\u00fcpft. Verwenden Sie den Parameter \"url\", um auf die Seite umzuleiten, auf der sich Ihre Karte befindet. Wie verwendet man<\/p>","protected":false},"author":50,"featured_media":0,"parent":0,"menu_order":0,"comment_status":"closed","ping_status":"closed","template":"views\/template-custom.blade.php","meta":{"footnotes":""},"class_list":["post-5047","page","type-page","status-publish","hentry"],"yoast_head":"<!-- This site is optimized with the Yoast SEO plugin v26.8 - https:\/\/yoast.com\/product\/yoast-seo-wordpress\/ -->\n<title>Demo: Image Gallery - Open User Map WordPress Plugin<\/title>\n<meta name=\"robots\" content=\"index, follow, max-snippet:-1, max-image-preview:large, max-video-preview:-1\" \/>\n<link rel=\"canonical\" href=\"https:\/\/www.open-user-map.com\/de\/demo-image-gallery\/\" \/>\n<meta property=\"og:locale\" content=\"de_DE\" \/>\n<meta property=\"og:type\" content=\"article\" \/>\n<meta property=\"og:title\" content=\"Demo: Image Gallery - Open User Map WordPress Plugin\" \/>\n<meta property=\"og:description\" content=\"It is possible to use a shortcode open-user-map-gallery to show all images that have been uploaded and are attached to published locations. Each image is linked to the marker on the map. Use the &#8220;url&#8221; parameter to redirect to the page where your map resides. How to use\" \/>\n<meta property=\"og:url\" content=\"https:\/\/www.open-user-map.com\/de\/demo-image-gallery\/\" \/>\n<meta property=\"og:site_name\" content=\"Open User Map WordPress Plugin\" \/>\n<meta property=\"article:modified_time\" content=\"2025-02-17T20:59:24+00:00\" \/>\n<meta name=\"twitter:card\" content=\"summary_large_image\" \/>\n<script type=\"application\/ld+json\" class=\"yoast-schema-graph\">{\"@context\":\"https:\/\/schema.org\",\"@graph\":[{\"@type\":\"WebPage\",\"@id\":\"https:\/\/www.open-user-map.com\/demo-image-gallery\/\",\"url\":\"https:\/\/www.open-user-map.com\/demo-image-gallery\/\",\"name\":\"Demo: Image Gallery - Open User Map WordPress Plugin\",\"isPartOf\":{\"@id\":\"https:\/\/www.open-user-map.com\/#website\"},\"datePublished\":\"2023-08-15T14:30:15+00:00\",\"dateModified\":\"2025-02-17T20:59:24+00:00\",\"breadcrumb\":{\"@id\":\"https:\/\/www.open-user-map.com\/demo-image-gallery\/#breadcrumb\"},\"inLanguage\":\"de\",\"potentialAction\":[{\"@type\":\"ReadAction\",\"target\":[\"https:\/\/www.open-user-map.com\/demo-image-gallery\/\"]}]},{\"@type\":\"BreadcrumbList\",\"@id\":\"https:\/\/www.open-user-map.com\/demo-image-gallery\/#breadcrumb\",\"itemListElement\":[{\"@type\":\"ListItem\",\"position\":1,\"name\":\"Home\",\"item\":\"https:\/\/www.open-user-map.com\/\"},{\"@type\":\"ListItem\",\"position\":2,\"name\":\"Demo: Image Gallery\"}]},{\"@type\":\"WebSite\",\"@id\":\"https:\/\/www.open-user-map.com\/#website\",\"url\":\"https:\/\/www.open-user-map.com\/\",\"name\":\"Open User Map\",\"description\":\"WordPress Map Plugin\",\"publisher\":{\"@id\":\"https:\/\/www.open-user-map.com\/#organization\"},\"potentialAction\":[{\"@type\":\"SearchAction\",\"target\":{\"@type\":\"EntryPoint\",\"urlTemplate\":\"https:\/\/www.open-user-map.com\/?s={search_term_string}\"},\"query-input\":{\"@type\":\"PropertyValueSpecification\",\"valueRequired\":true,\"valueName\":\"search_term_string\"}}],\"inLanguage\":\"de\"},{\"@type\":\"Organization\",\"@id\":\"https:\/\/www.open-user-map.com\/#organization\",\"name\":\"Open User Map\",\"url\":\"https:\/\/www.open-user-map.com\/\",\"logo\":{\"@type\":\"ImageObject\",\"inLanguage\":\"de\",\"@id\":\"https:\/\/www.open-user-map.com\/#\/schema\/logo\/image\/\",\"url\":\"https:\/\/www.open-user-map.com\/wp-content\/uploads\/2023\/09\/icon-256x256-1.png\",\"contentUrl\":\"https:\/\/www.open-user-map.com\/wp-content\/uploads\/2023\/09\/icon-256x256-1.png\",\"width\":256,\"height\":256,\"caption\":\"Open User Map\"},\"image\":{\"@id\":\"https:\/\/www.open-user-map.com\/#\/schema\/logo\/image\/\"}}]}<\/script>\n<!-- \/ Yoast SEO plugin. -->","yoast_head_json":{"title":"Demo: Bildergalerie - Open User Map WordPress Plugin","robots":{"index":"index","follow":"follow","max-snippet":"max-snippet:-1","max-image-preview":"max-image-preview:large","max-video-preview":"max-video-preview:-1"},"canonical":"https:\/\/www.open-user-map.com\/de\/demo-image-gallery\/","og_locale":"de_DE","og_type":"article","og_title":"Demo: Image Gallery - Open User Map WordPress Plugin","og_description":"It is possible to use a shortcode open-user-map-gallery to show all images that have been uploaded and are attached to published locations. Each image is linked to the marker on the map. Use the &#8220;url&#8221; parameter to redirect to the page where your map resides. How to use","og_url":"https:\/\/www.open-user-map.com\/de\/demo-image-gallery\/","og_site_name":"Open User Map WordPress Plugin","article_modified_time":"2025-02-17T20:59:24+00:00","twitter_card":"summary_large_image","schema":{"@context":"https:\/\/schema.org","@graph":[{"@type":"WebPage","@id":"https:\/\/www.open-user-map.com\/demo-image-gallery\/","url":"https:\/\/www.open-user-map.com\/demo-image-gallery\/","name":"Demo: Bildergalerie - Open User Map WordPress Plugin","isPartOf":{"@id":"https:\/\/www.open-user-map.com\/#website"},"datePublished":"2023-08-15T14:30:15+00:00","dateModified":"2025-02-17T20:59:24+00:00","breadcrumb":{"@id":"https:\/\/www.open-user-map.com\/demo-image-gallery\/#breadcrumb"},"inLanguage":"de","potentialAction":[{"@type":"ReadAction","target":["https:\/\/www.open-user-map.com\/demo-image-gallery\/"]}]},{"@type":"BreadcrumbList","@id":"https:\/\/www.open-user-map.com\/demo-image-gallery\/#breadcrumb","itemListElement":[{"@type":"ListItem","position":1,"name":"Home","item":"https:\/\/www.open-user-map.com\/"},{"@type":"ListItem","position":2,"name":"Demo: Image Gallery"}]},{"@type":"WebSite","@id":"https:\/\/www.open-user-map.com\/#website","url":"https:\/\/www.open-user-map.com\/","name":"Open User Map","description":"WordPress Karten-Plugin","publisher":{"@id":"https:\/\/www.open-user-map.com\/#organization"},"potentialAction":[{"@type":"SearchAction","target":{"@type":"EntryPoint","urlTemplate":"https:\/\/www.open-user-map.com\/?s={search_term_string}"},"query-input":{"@type":"PropertyValueSpecification","valueRequired":true,"valueName":"search_term_string"}}],"inLanguage":"de"},{"@type":"Organization","@id":"https:\/\/www.open-user-map.com\/#organization","name":"Open User Map","url":"https:\/\/www.open-user-map.com\/","logo":{"@type":"ImageObject","inLanguage":"de","@id":"https:\/\/www.open-user-map.com\/#\/schema\/logo\/image\/","url":"https:\/\/www.open-user-map.com\/wp-content\/uploads\/2023\/09\/icon-256x256-1.png","contentUrl":"https:\/\/www.open-user-map.com\/wp-content\/uploads\/2023\/09\/icon-256x256-1.png","width":256,"height":256,"caption":"Open User Map"},"image":{"@id":"https:\/\/www.open-user-map.com\/#\/schema\/logo\/image\/"}}]}},"_links":{"self":[{"href":"https:\/\/www.open-user-map.com\/de\/wp-json\/wp\/v2\/pages\/5047","targetHints":{"allow":["GET"]}}],"collection":[{"href":"https:\/\/www.open-user-map.com\/de\/wp-json\/wp\/v2\/pages"}],"about":[{"href":"https:\/\/www.open-user-map.com\/de\/wp-json\/wp\/v2\/types\/page"}],"author":[{"embeddable":true,"href":"https:\/\/www.open-user-map.com\/de\/wp-json\/wp\/v2\/users\/50"}],"replies":[{"embeddable":true,"href":"https:\/\/www.open-user-map.com\/de\/wp-json\/wp\/v2\/comments?post=5047"}],"version-history":[{"count":1,"href":"https:\/\/www.open-user-map.com\/de\/wp-json\/wp\/v2\/pages\/5047\/revisions"}],"predecessor-version":[{"id":5988,"href":"https:\/\/www.open-user-map.com\/de\/wp-json\/wp\/v2\/pages\/5047\/revisions\/5988"}],"wp:attachment":[{"href":"https:\/\/www.open-user-map.com\/de\/wp-json\/wp\/v2\/media?parent=5047"}],"curies":[{"name":"wp","href":"https:\/\/api.w.org\/{rel}","templated":true}]}}